{"id":14,"date":"2022-09-06T02:40:47","date_gmt":"2022-09-06T00:40:47","guid":{"rendered":"https:\/\/ruzicka.com.hr\/?page_id=14"},"modified":"2023-04-18T22:53:52","modified_gmt":"2023-04-18T20:53:52","slug":"projekt-rastem","status":"publish","type":"page","link":"https:\/\/ruzicka.com.hr\/?page_id=14","title":{"rendered":"Projekt raSTEM"},"content":{"rendered":"\t\t<div data-elementor-type=\"wp-page\" data-elementor-id=\"14\" class=\"elementor elementor-14\">\n\t\t\t\t\t\t\t\t\t<section class=\"elementor-section elementor-top-section elementor-element elementor-element-4af7571 elementor-section-height-min-height elementor-section-full_width elementor-section-height-default elementor-section-items-middle\" data-id=\"4af7571\" data-element_type=\"section\" data-settings=\"{&quot;background_background&quot;:&quot;classic&quot;}\">\n\t\t\t\t\t\t\t<div class=\"elementor-background-overlay\"><\/div>\n\t\t\t\t\t\t\t<div class=\"elementor-container elementor-column-gap-default\">\n\t\t\t\t\t<div class=\"elementor-column elementor-col-100 elementor-top-column elementor-element elementor-element-d63cb92\" data-id=\"d63cb92\" data-element_type=\"column\">\n\t\t\t<div class=\"elementor-widget-wrap elementor-element-populated\">\n\t\t\t\t\t\t\t\t<div class=\"elementor-element elementor-element-eb924ae elementor-widget elementor-widget-heading\" data-id=\"eb924ae\" data-element_type=\"widget\" data-widget_type=\"heading.default\">\n\t\t\t\t<div class=\"elementor-widget-container\">\n\t\t\t<style>\/*! elementor - v3.7.4 - 31-08-2022 *\/\n.elementor-heading-title{padding:0;margin:0;line-height:1}.elementor-widget-heading .elementor-heading-title[class*=elementor-size-]>a{color:inherit;font-size:inherit;line-height:inherit}.elementor-widget-heading .elementor-heading-title.elementor-size-small{font-size:15px}.elementor-widget-heading .elementor-heading-title.elementor-size-medium{font-size:19px}.elementor-widget-heading .elementor-heading-title.elementor-size-large{font-size:29px}.elementor-widget-heading .elementor-heading-title.elementor-size-xl{font-size:39px}.elementor-widget-heading .elementor-heading-title.elementor-size-xxl{font-size:59px}<\/style><h3 class=\"elementor-heading-title elementor-size-default\">EU projekt<\/h3>\t\t<\/div>\n\t\t\t\t<\/div>\n\t\t\t\t<div class=\"elementor-element elementor-element-790d308 elementor-widget elementor-widget-heading\" data-id=\"790d308\" data-element_type=\"widget\" data-widget_type=\"heading.default\">\n\t\t\t\t<div class=\"elementor-widget-container\">\n\t\t\t<h1 class=\"elementor-heading-title elementor-size-default\">Projekt raSTEM<\/h1>\t\t<\/div>\n\t\t\t\t<\/div>\n\t\t\t\t\t<\/div>\n\t\t<\/div>\n\t\t\t\t\t\t\t<\/div>\n\t\t<\/section>\n\t\t\t\t<section class=\"elementor-section elementor-top-section elementor-element elementor-element-a90369b elementor-section-boxed elementor-section-height-default elementor-section-height-default\" data-id=\"a90369b\" data-element_type=\"section\">\n\t\t\t\t\t\t<div class=\"elementor-container elementor-column-gap-default\">\n\t\t\t\t\t<div class=\"elementor-column elementor-col-100 elementor-top-column elementor-element elementor-element-253d935\" data-id=\"253d935\" data-element_type=\"column\" data-settings=\"{&quot;background_background&quot;:&quot;classic&quot;}\">\n\t\t\t<div class=\"elementor-widget-wrap elementor-element-populated\">\n\t\t\t\t\t\t\t\t<div class=\"elementor-element elementor-element-687b46b elementor-widget elementor-widget-heading\" data-id=\"687b46b\" data-element_type=\"widget\" data-widget_type=\"heading.default\">\n\t\t\t\t<div class=\"elementor-widget-container\">\n\t\t\t<h2 class=\"elementor-heading-title elementor-size-default\">raSTEM- Razvoj STEM-a u Vukovaru<\/h2>\t\t<\/div>\n\t\t\t\t<\/div>\n\t\t\t\t<div class=\"elementor-element elementor-element-0af127d elementor-widget elementor-widget-text-editor\" data-id=\"0af127d\" data-element_type=\"widget\" data-widget_type=\"text-editor.default\">\n\t\t\t\t<div class=\"elementor-widget-container\">\n\t\t\t<style>\/*! elementor - v3.7.4 - 31-08-2022 *\/\n.elementor-widget-text-editor.elementor-drop-cap-view-stacked .elementor-drop-cap{background-color:#818a91;color:#fff}.elementor-widget-text-editor.elementor-drop-cap-view-framed .elementor-drop-cap{color:#818a91;border:3px solid;background-color:transparent}.elementor-widget-text-editor:not(.elementor-drop-cap-view-default) .elementor-drop-cap{margin-top:8px}.elementor-widget-text-editor:not(.elementor-drop-cap-view-default) .elementor-drop-cap-letter{width:1em;height:1em}.elementor-widget-text-editor .elementor-drop-cap{float:left;text-align:center;line-height:1;font-size:50px}.elementor-widget-text-editor .elementor-drop-cap-letter{display:inline-block}<\/style>\t\t\t\t<p>Projekt: raSTEM &#8211; Razvoj STEM-a u Vukovaru<br \/>Trajanje: 12.05.2021.-11.05.2023.<br \/>Financijska potpora: Europska unija\/ Europski Socijalni fond\/ Ured za udruge Vlade RH<\/p><p>Poziv: Ja\u010danje kapaciteta organizacija civilnog dru\u0161tva za popularizaciju STEM-a<br \/>Nositelj projekta: Mirovna grupa mladih Dunav<\/p><p>Partneri na projektu:<br \/>1.\u00a0\u00a0 \u00a0Vura d.o.o. &#8211;\u00a0 Razvojna agencija Vukovar<br \/>2.\u00a0\u00a0 \u00a0Europski dom Vukovar<br \/>3.\u00a0\u00a0 \u00a0Gimnazija Vukovar<br \/>4.\u00a0\u00a0 \u00a0Tehni\u010dka \u0161kola Nikole Tesle<br \/>5.\u00a0\u00a0 \u00a0Sveu\u010dili\u0161te u Osijeku, Fakultet elektrotehnike, ra\u010dunarstva i informacijskih tehnologija<br \/>6.\u00a0\u00a0 \u00a0Grad Vukovar<\/p><p>Iznos dodijeljene potpore: 2.701.797,26 HRK ( od \u010dega je EU sufinanciranje 85 %\u00a0 &#8211; 2.296.527,67 HRK\u00a0 i 15 % Dr\u017eavni prora\u010dun RH s pozicije Ureda za udruge Vlade RH &#8211;\u00a0 405.269,59 hrk)<\/p><p>\u00a0<\/p><p>Op\u0107i cilj projekta:<\/p><p>Cilj projekta raSTEM je ja\u010danje kapaciteta organizacije civilnog dru\u0161tva za popularizaciju STEM-a kroz razvoj novih i inovativnih STEM sadr\u017eaja za krajnje korisnike- djecu, mlade i op\u0107u populaciju<br \/>Ciljana skupina projekta:\u00a0 OCD-ovi na podru\u010dju grada Vukovara<br \/>Projektne aktivnosti:<br \/>1.\u00a0\u00a0 \u00a0Organizacija i provedba aktivnosti ja\u010danja kapaciteta organizacija civilnog dru\u0161tva za provedbu programa popularizacije STEM-a<br \/>2.\u00a0\u00a0 \u00a0Organizacija trajnih postava inovativnih, interaktivnih sadr\u017eaja sa svrhom popularizacije STEM-a i provedba pilot grupa za krajnje korisnike: djecu, mlade i op\u0107u populaciju<br \/>3.\u00a0\u00a0 \u00a0Razvoj i provedba vi\u0161ednevnih lokalnih radionica sa svrhom popularizacije STEM-a<br \/>4.\u00a0\u00a0 \u00a0Promid\u017eba i vidljivost<br \/>5.\u00a0\u00a0 \u00a0Upravljanje projektom i administracija<br \/>Projektom \u0107e se osigurati trajni postavi 2 kabineta te \u0107e razviti i provesti programi STEM radionica kako bi se oja\u010dali kapaciteti OCD-a i partnera na projektu za kreiranje inovativnih STEM sadr\u017eaja. Osim utjecaja na popularizaciju STEM-a, te razvoj znanja i vje\u0161tina povezanih sa znanosti, projekt \u0107e utjecati i na popularizaciju nobelovca Lavoslava Ru\u017ei\u010dke, njegovog rada i zna\u010daja putem stalnog postava znanstvenog escape room-a, koji \u0107e obuhva\u0107ati sve grane znanosti i na taj na\u010din u\u010diniti znanost atraktivnom za djecu i mlade. Uz znanstveni escape room, kreirati \u0107e se i kabinet za informatiku i robotiku, u kojem \u0107e se provoditi\u00a0 roboti\u010dki kampovi.<br \/>Razvijeni sadr\u017eaji biti \u0107e dostupni krajnjim korisnicima putem video igre koja \u0107e se razviti u okviru projekta i na inovativan na\u010din omogu\u0107iti pristup i popularizaciju STEM-a<\/p>\t\t\t\t\t\t<\/div>\n\t\t\t\t<\/div>\n\t\t\t\t\t<\/div>\n\t\t<\/div>\n\t\t\t\t\t\t\t<\/div>\n\t\t<\/section>\n\t\t\t\t\t\t\t<\/div>\n\t\t","protected":false},"excerpt":{"rendered":"<p>EU projekt Projekt raSTEM raSTEM- Razvoj STEM-a u Vukovaru Projekt: raSTEM &#8211; Razvoj STEM-a u VukovaruTrajanje: 12.05.2021.-11.05.2023.Financijska potpora: Europska unija\/ Europski Socijalni fond\/ Ured za udruge Vlade RH Poziv: Ja\u010danje [&hellip;]<\/p>\n","protected":false},"author":1,"featured_media":0,"parent":0,"menu_order":0,"comment_status":"closed","ping_status":"closed","template":"elementor_header_footer","meta":[],"_links":{"self":[{"href":"https:\/\/ruzicka.com.hr\/index.php?rest_route=\/wp\/v2\/pages\/14"}],"collection":[{"href":"https:\/\/ruzicka.com.hr\/index.php?rest_route=\/wp\/v2\/pages"}],"about":[{"href":"https:\/\/ruzicka.com.hr\/index.php?rest_route=\/wp\/v2\/types\/page"}],"author":[{"embeddable":true,"href":"https:\/\/ruzicka.com.hr\/index.php?rest_route=\/wp\/v2\/users\/1"}],"replies":[{"embeddable":true,"href":"https:\/\/ruzicka.com.hr\/index.php?rest_route=%2Fwp%2Fv2%2Fcomments&post=14"}],"version-history":[{"count":22,"href":"https:\/\/ruzicka.com.hr\/index.php?rest_route=\/wp\/v2\/pages\/14\/revisions"}],"predecessor-version":[{"id":582,"href":"https:\/\/ruzicka.com.hr\/index.php?rest_route=\/wp\/v2\/pages\/14\/revisions\/582"}],"wp:attachment":[{"href":"https:\/\/ruzicka.com.hr\/index.php?rest_route=%2Fwp%2Fv2%2Fmedia&parent=14"}],"curies":[{"name":"wp","href":"https:\/\/api.w.org\/{rel}","templated":true}]}}